{"id":39,"date":"2025-11-19T19:35:48","date_gmt":"2025-11-19T19:35:48","guid":{"rendered":"https:\/\/goatfootballacademy.pt\/?page_id=39"},"modified":"2025-11-30T16:46:29","modified_gmt":"2025-11-30T16:46:29","slug":"home","status":"publish","type":"page","link":"https:\/\/goatfootballacademy.pt\/","title":{"rendered":"Iniciar"},"content":{"rendered":"\n\n\n<h2>Mais sobre n\u00f3s<\/h2>\n<h2><p data-start=\"125\" data-end=\"437\">Na GOAT Football Academy acreditamos que todas as crian\u00e7as t\u00eam potencial para ser as melhores. O nosso objetivo \u00e9 ajudar cada jogador a crescer, aprender e evoluir dentro e fora do campo. O futebol n\u00e3o \u00e9 apenas um desporto; \u00e9 uma forma pr\u00e1tica de ganhar disciplina, confian\u00e7a e capacidade de trabalhar em equipa.<\/p><\/h2>\n<h2>\n<p data-start=\"439\" data-end=\"462\"><strong data-start=\"439\" data-end=\"462\">Porque Fazemos Isto?<\/strong><\/p><\/h2>\n<h2><p data-start=\"439\" data-end=\"462\"><strong data-start=\"439\" data-end=\"462\"><\/strong><\/p>\n<\/h2><h6 data-start=\"464\" data-end=\"731\">Vemos as crian\u00e7as como futuros l\u00edderes. Atrav\u00e9s do futebol, trabalhamos valores como resili\u00eancia, coopera\u00e7\u00e3o e responsabilidade. Incentivamos tamb\u00e9m a participa\u00e7\u00e3o dos pais nas sess\u00f5es dos mais pequenos, porque fortalece a rela\u00e7\u00e3o e cria h\u00e1bitos saud\u00e1veis desde cedo.<\/h6>\n\n\n\n\n\n\n\n\n\n<h2>Porqu\u00ea somos a escolha n\u00ba1&nbsp;<\/h2>\n<h1>&nbsp; &nbsp;O treinador Noel tem larga experi\u00eancia no futebol: v\u00e1rios anos a treinar em clubes Portugueses e Australianos , passagem pela Barca Academy, vit\u00f3ria na WNPL com o Adelaide University SC e muitos anos no Grasshopper Soccer. Elle Football Academy, South Australia Football, Nudge College.<\/h1>\n<h1>&nbsp; &nbsp;Tem um Diploma em Desenvolvimento Desportivo e Fitness, a licen\u00e7a UEFA C e a licen\u00e7a AFC\/FAA B. Destaca-se ainda por levar os U18 do Sturt Lions \u00e0s primeiras finais e por ajudar equipas como os Moreton Bay Jets, na NPL Queensland, a evitar a descida.\n<\/h1>\n<h1>\n<\/h1>\n<h1>&nbsp; &nbsp;O foco dele \u00e9 simples: ensinar bem, respeitar o jogo e ajudar cada crian\u00e7a a atingir o seu potencial.<\/h1>\n\n\n<h2>Our state of the art gyms provide you with a great place to work out in, whether you are there to burn off some calories or are training .\n\nWhy not visit your nearest Gym Center and take a look? We\u2019re here to help!<\/h2>\n\n\n\n\n\n\n\n\n\n\n\n\n\n\n\n\n\n\n\n\n\n\n\n\n\n\n\n\n\n\n\n\n\n\n\n\n\n\n\n\n\n\n\n\n\n<h2>Our Popular Courses<\/h2>\n\n\n\n\n\n\n\n\n\n\n\n\n\n\n\n\n\n\n<h2>Client&#8217;s Testimonials<\/h2>\n<h2>What Our Client Say<\/h2>\n\n\n\n\n\nFusce placerat faucibus tincidunt. Nulla sit amet bibendum mauris. Interdum et malesuada fames ac ante ipsum primis in faucibus. Aenean non lectus nunc. Sed in augue nec nibh porttitor elementum. Aenean nec vehicula nibh.\n\n\n\nFusce placerat faucibus tincidunt. Nulla sit amet bibendum mauris. Interdum et malesuada fames ac ante ipsum primis in faucibus. Aenean non lectus nunc. Sed in augue nec nibh porttitor elementum. Aenean nec vehicula nibh.\n\n\n","protected":false},"excerpt":{"rendered":"","protected":false},"author":2,"featured_media":0,"parent":0,"menu_order":0,"comment_status":"closed","ping_status":"closed","template":"","meta":{"pagelayer_contact_templates":[],"_pagelayer_content":"","footnotes":""},"class_list":["post-39","page","type-page","status-publish","hentry"],"_links":{"self":[{"href":"https:\/\/goatfootballacademy.pt\/index.php?rest_route=\/wp\/v2\/pages\/39","targetHints":{"allow":["GET"]}}],"collection":[{"href":"https:\/\/goatfootballacademy.pt\/index.php?rest_route=\/wp\/v2\/pages"}],"about":[{"href":"https:\/\/goatfootballacademy.pt\/index.php?rest_route=\/wp\/v2\/types\/page"}],"author":[{"embeddable":true,"href":"https:\/\/goatfootballacademy.pt\/index.php?rest_route=\/wp\/v2\/users\/2"}],"replies":[{"embeddable":true,"href":"https:\/\/goatfootballacademy.pt\/index.php?rest_route=%2Fwp%2Fv2%2Fcomments&post=39"}],"version-history":[{"count":5,"href":"https:\/\/goatfootballacademy.pt\/index.php?rest_route=\/wp\/v2\/pages\/39\/revisions"}],"predecessor-version":[{"id":87,"href":"https:\/\/goatfootballacademy.pt\/index.php?rest_route=\/wp\/v2\/pages\/39\/revisions\/87"}],"wp:attachment":[{"href":"https:\/\/goatfootballacademy.pt\/index.php?rest_route=%2Fwp%2Fv2%2Fmedia&parent=39"}],"curies":[{"name":"wp","href":"https:\/\/api.w.org\/{rel}","templated":true}]}}